{"id":47,"date":"2025-11-08T18:30:22","date_gmt":"2025-11-08T17:30:22","guid":{"rendered":"https:\/\/www.cocinadelamor.com\/?page_id=47"},"modified":"2025-12-23T15:30:53","modified_gmt":"2025-12-23T14:30:53","slug":"qui-suis-je","status":"publish","type":"page","link":"https:\/\/www.cocinadelamor.com\/index.php\/qui-suis-je\/","title":{"rendered":"Qui suis-je"},"content":{"rendered":"\n<div class=\"wp-block-group alignfull has-white-background-color has-background is-layout-constrained wp-block-group-is-layout-constrained\" style=\"padding-top:0rem;padding-bottom:0rem\">\n<div class=\"wp-block-columns are-vertically-aligned-center is-layout-flex wp-container-core-columns-is-layout-057bf1b1 wp-block-columns-is-layout-flex\">\n<div class=\"wp-block-column is-vertically-aligned-center is-layout-flow wp-block-column-is-layout-flow\" style=\"flex-basis:60%\">\n<h2 class=\"wp-block-heading\"><em>Mon parcours<\/em><\/h2>\n\n\n\n<h5 class=\"wp-block-heading has-palette-color-1-color has-text-color has-link-color wp-elements-bbc6a262b3708244463a5e4ba65ff157\"><em>Un chemin entre intuition et cr\u00e9ation<\/em><\/h5>\n\n\n\n<p class=\"has-palette-color-3-color has-text-color has-link-color wp-elements-868c09f1c03bcd6cace4d79d16f4e61b\"><strong><em>Cocina Del Amor<\/em>&nbsp;<\/strong>est n\u00e9e de ce d\u00e9sir de relier l\u2019art de cuisiner \u00e0 l\u2019art de vivre, d\u2019offrir des instants o\u00f9 la beaut\u00e9 et la simplicit\u00e9 se rejoignent.<br>Mon amour pour la cuisine vient depuis ma plus tendre enfance. J&rsquo;ai grandi dans une famille de fins gourmets o\u00f9 chaque repas \u00e9tait un moment de partage et de g\u00e9n\u00e9rosit\u00e9.<\/p>\n\n\n\n<p class=\"has-palette-color-3-color has-text-color has-link-color wp-elements-cc899d25e9b3734b995fed525e80517a\">Mon grand p\u00e8re d&rsquo;origine espagnole nous pr\u00e9parait des paellas monumentales cuites au feu de bois, v\u00e9ritables spectacles de couleurs et de parfums. <br>\u00c0 ses c\u00f4t\u00e9s mes grands-m\u00e8res orchestraient&nbsp;des festins empreints de douceur, de tradition et de chaleur.&nbsp;<\/p>\n\n\n\n<p class=\"has-palette-color-3-color has-text-color has-link-color wp-elements-9d72a18fd8675371b834c429b8f8990b\">Ces moments pr\u00e9cieux sont devenus ma source profonde d&rsquo;inspiration. Un \u00e9quilibre entre les accents m\u00e9diterran\u00e9ens&nbsp;h\u00e9rit\u00e9s de mon grand-p\u00e8re et les plats poitevins et normands transmis par mes grands-m\u00e8res. Un mariage d\u00e9licat entre mer et terre, entre caract\u00e8re et finesse.<\/p>\n\n\n\n<p class=\"has-palette-color-3-color has-text-color has-link-color wp-elements-7cb32b25281163279279040faf41778a\">Puis mes voyages en Asie et Am\u00e9rique Latine ont nourri ma cr\u00e9ativit\u00e9, j&rsquo;y ai d\u00e9couvert d&rsquo;autres gestes, d&rsquo;autres parfums, une sensibilit\u00e9 culinaire diff\u00e9rente.<\/p>\n\n\n\n<p class=\"has-palette-color-3-color has-text-color has-link-color wp-elements-ea41a5cf03dab5259de07cef8bc59b47\">Ces inspirations du monde ont fa\u00e7onn\u00e9 une cuisine intuitive, \u00e9l\u00e9gante et vibrante.<\/p>\n<\/div>\n\n\n\n<div class=\"wp-block-column is-vertically-aligned-center is-layout-flow wp-block-column-is-layout-flow\">\n<figure class=\"wp-block-image size-full has-custom-border\"><img fetchpriority=\"high\" decoding=\"async\" width=\"1080\" height=\"1350\" src=\"http:\/\/www.cocinadelamor.com\/wp-content\/uploads\/2025\/12\/a13c6e63-973a-45ad-9200-b8170cf84bbb.jpg\" alt=\"\" class=\"wp-image-610\" style=\"border-top-left-radius:10px;border-top-right-radius:10px;border-bottom-left-radius:10px;border-bottom-right-radius:10px;aspect-ratio:3\/4;object-fit:cover\" srcset=\"https:\/\/www.cocinadelamor.com\/wp-content\/uploads\/2025\/12\/a13c6e63-973a-45ad-9200-b8170cf84bbb.jpg 1080w, https:\/\/www.cocinadelamor.com\/wp-content\/uploads\/2025\/12\/a13c6e63-973a-45ad-9200-b8170cf84bbb-240x300.jpg 240w, https:\/\/www.cocinadelamor.com\/wp-content\/uploads\/2025\/12\/a13c6e63-973a-45ad-9200-b8170cf84bbb-819x1024.jpg 819w, https:\/\/www.cocinadelamor.com\/wp-content\/uploads\/2025\/12\/a13c6e63-973a-45ad-9200-b8170cf84bbb-768x960.jpg 768w\" sizes=\"(max-width: 1080px) 100vw, 1080px\" \/><\/figure>\n<\/div>\n<\/div>\n<\/div>\n\n\n\n<div class=\"wp-block-cover alignfull has-parallax\" style=\"margin-top:var(--wp--preset--spacing--40);margin-bottom:var(--wp--preset--spacing--40);padding-top:0;padding-bottom:0;min-height:100vh;aspect-ratio:unset;\"><div class=\"wp-block-cover__image-background wp-image-31 size-full has-parallax\" style=\"background-position:50% 50%;background-image:url(http:\/\/www.cocinadelamor.com\/wp-content\/uploads\/2025\/11\/Trio-4-\uf021-scaled.jpg)\"><\/div><span aria-hidden=\"true\" class=\"wp-block-cover__background has-background-dim-40 has-background-dim\" style=\"background-color:#000000\"><\/span><div class=\"wp-block-cover__inner-container is-layout-flow wp-block-cover-is-layout-flow\">\n<h1 class=\"wp-block-heading has-text-align-center alignwide has-white-color has-text-color has-palette-color-7-color has-link-color wp-elements-36ba2d8753075a9e16fc45845ce9a422\" style=\"font-size:clamp(20px, 1.25rem + ((1vw - 3.2px) * 0.938), 32px);line-height:1.2\"><em>Au-del\u00e0 des saveurs, ce qui m&rsquo;anime c&rsquo;est la rencontre. <br>Cuisiner pour quelqu&rsquo;un, c&rsquo;est \u00e9couter, comprendre et cr\u00e9er une exp\u00e9rience sur mesure<\/em>,<br><em>une alchimie subtile entre l&rsquo;\u00e2me et la mati\u00e8re<\/em><\/h1>\n<\/div><\/div>\n","protected":false},"excerpt":{"rendered":"<p>Mon parcours Un chemin entre intuition et cr\u00e9ation Cocina Del Amor&nbsp;est n\u00e9e de ce d\u00e9sir de relier l\u2019art de cuisiner \u00e0 l\u2019art de vivre, d\u2019offrir des instants o\u00f9 la beaut\u00e9 et la simplicit\u00e9 se rejoignent.Mon amour pour la cuisine vient depuis ma plus tendre enfance. J&rsquo;ai grandi dans une famille de fins gourmets o\u00f9 chaque [&hellip;]<\/p>\n","protected":false},"author":1,"featured_media":0,"parent":0,"menu_order":0,"comment_status":"closed","ping_status":"closed","template":"elementor_header_footer","meta":{"footnotes":""},"class_list":["post-47","page","type-page","status-publish","hentry"],"blocksy_meta":[],"yoast_head":"<!-- This site is optimized with the Yoast SEO plugin v26.7 - https:\/\/yoast.com\/wordpress\/plugins\/seo\/ -->\n<title>Qui suis-je - Cocina del Amor<\/title>\n<meta name=\"robots\" content=\"index, follow, max-snippet:-1, max-image-preview:large, max-video-preview:-1\" \/>\n<link rel=\"canonical\" href=\"https:\/\/www.cocinadelamor.com\/index.php\/qui-suis-je\/\" \/>\n<meta property=\"og:locale\" content=\"fr_FR\" \/>\n<meta property=\"og:type\" content=\"article\" \/>\n<meta property=\"og:title\" content=\"Qui suis-je - Cocina del Amor\" \/>\n<meta property=\"og:description\" content=\"Mon parcours Un chemin entre intuition et cr\u00e9ation Cocina Del Amor&nbsp;est n\u00e9e de ce d\u00e9sir de relier l\u2019art de cuisiner \u00e0 l\u2019art de vivre, d\u2019offrir des instants o\u00f9 la beaut\u00e9 et la simplicit\u00e9 se rejoignent.Mon amour pour la cuisine vient depuis ma plus tendre enfance. J&rsquo;ai grandi dans une famille de fins gourmets o\u00f9 chaque [&hellip;]\" \/>\n<meta property=\"og:url\" content=\"https:\/\/www.cocinadelamor.com\/index.php\/qui-suis-je\/\" \/>\n<meta property=\"og:site_name\" content=\"Cocina del Amor\" \/>\n<meta property=\"article:modified_time\" content=\"2025-12-23T14:30:53+00:00\" \/>\n<meta property=\"og:image\" content=\"https:\/\/www.cocinadelamor.com\/wp-content\/uploads\/2025\/12\/a13c6e63-973a-45ad-9200-b8170cf84bbb.jpg\" \/>\n\t<meta property=\"og:image:width\" content=\"1080\" \/>\n\t<meta property=\"og:image:height\" content=\"1350\" \/>\n\t<meta property=\"og:image:type\" content=\"image\/jpeg\" \/>\n<meta name=\"twitter:card\" content=\"summary_large_image\" \/>\n<meta name=\"twitter:label1\" content=\"Dur\u00e9e de lecture estim\u00e9e\" \/>\n\t<meta name=\"twitter:data1\" content=\"1 minute\" \/>\n<script type=\"application\/ld+json\" class=\"yoast-schema-graph\">{\"@context\":\"https:\/\/schema.org\",\"@graph\":[{\"@type\":\"WebPage\",\"@id\":\"https:\/\/www.cocinadelamor.com\/index.php\/qui-suis-je\/\",\"url\":\"https:\/\/www.cocinadelamor.com\/index.php\/qui-suis-je\/\",\"name\":\"Qui suis-je - Cocina del Amor\",\"isPartOf\":{\"@id\":\"https:\/\/www.cocinadelamor.com\/#website\"},\"primaryImageOfPage\":{\"@id\":\"https:\/\/www.cocinadelamor.com\/index.php\/qui-suis-je\/#primaryimage\"},\"image\":{\"@id\":\"https:\/\/www.cocinadelamor.com\/index.php\/qui-suis-je\/#primaryimage\"},\"thumbnailUrl\":\"http:\/\/www.cocinadelamor.com\/wp-content\/uploads\/2025\/12\/a13c6e63-973a-45ad-9200-b8170cf84bbb.jpg\",\"datePublished\":\"2025-11-08T17:30:22+00:00\",\"dateModified\":\"2025-12-23T14:30:53+00:00\",\"breadcrumb\":{\"@id\":\"https:\/\/www.cocinadelamor.com\/index.php\/qui-suis-je\/#breadcrumb\"},\"inLanguage\":\"fr-FR\",\"potentialAction\":[{\"@type\":\"ReadAction\",\"target\":[\"https:\/\/www.cocinadelamor.com\/index.php\/qui-suis-je\/\"]}]},{\"@type\":\"ImageObject\",\"inLanguage\":\"fr-FR\",\"@id\":\"https:\/\/www.cocinadelamor.com\/index.php\/qui-suis-je\/#primaryimage\",\"url\":\"https:\/\/www.cocinadelamor.com\/wp-content\/uploads\/2025\/12\/a13c6e63-973a-45ad-9200-b8170cf84bbb.jpg\",\"contentUrl\":\"https:\/\/www.cocinadelamor.com\/wp-content\/uploads\/2025\/12\/a13c6e63-973a-45ad-9200-b8170cf84bbb.jpg\",\"width\":1080,\"height\":1350,\"caption\":\"chef domicile corse priv\u00e9 - aur\u00e9lie brun\"},{\"@type\":\"BreadcrumbList\",\"@id\":\"https:\/\/www.cocinadelamor.com\/index.php\/qui-suis-je\/#breadcrumb\",\"itemListElement\":[{\"@type\":\"ListItem\",\"position\":1,\"name\":\"Accueil\",\"item\":\"https:\/\/www.cocinadelamor.com\/\"},{\"@type\":\"ListItem\",\"position\":2,\"name\":\"Qui suis-je\"}]},{\"@type\":\"WebSite\",\"@id\":\"https:\/\/www.cocinadelamor.com\/#website\",\"url\":\"https:\/\/www.cocinadelamor.com\/\",\"name\":\"Cocina del Amor\",\"description\":\"\",\"publisher\":{\"@id\":\"https:\/\/www.cocinadelamor.com\/#organization\"},\"potentialAction\":[{\"@type\":\"SearchAction\",\"target\":{\"@type\":\"EntryPoint\",\"urlTemplate\":\"https:\/\/www.cocinadelamor.com\/?s={search_term_string}\"},\"query-input\":{\"@type\":\"PropertyValueSpecification\",\"valueRequired\":true,\"valueName\":\"search_term_string\"}}],\"inLanguage\":\"fr-FR\"},{\"@type\":\"Organization\",\"@id\":\"https:\/\/www.cocinadelamor.com\/#organization\",\"name\":\"Cocina del Amor\",\"url\":\"https:\/\/www.cocinadelamor.com\/\",\"logo\":{\"@type\":\"ImageObject\",\"inLanguage\":\"fr-FR\",\"@id\":\"https:\/\/www.cocinadelamor.com\/#\/schema\/logo\/image\/\",\"url\":\"https:\/\/www.cocinadelamor.com\/wp-content\/uploads\/2026\/01\/Logo-officiel.png\",\"contentUrl\":\"https:\/\/www.cocinadelamor.com\/wp-content\/uploads\/2026\/01\/Logo-officiel.png\",\"width\":500,\"height\":500,\"caption\":\"Cocina del Amor\"},\"image\":{\"@id\":\"https:\/\/www.cocinadelamor.com\/#\/schema\/logo\/image\/\"}}]}<\/script>\n<!-- \/ Yoast SEO plugin. -->","yoast_head_json":{"title":"Qui suis-je - Cocina del Amor","robots":{"index":"index","follow":"follow","max-snippet":"max-snippet:-1","max-image-preview":"max-image-preview:large","max-video-preview":"max-video-preview:-1"},"canonical":"https:\/\/www.cocinadelamor.com\/index.php\/qui-suis-je\/","og_locale":"fr_FR","og_type":"article","og_title":"Qui suis-je - Cocina del Amor","og_description":"Mon parcours Un chemin entre intuition et cr\u00e9ation Cocina Del Amor&nbsp;est n\u00e9e de ce d\u00e9sir de relier l\u2019art de cuisiner \u00e0 l\u2019art de vivre, d\u2019offrir des instants o\u00f9 la beaut\u00e9 et la simplicit\u00e9 se rejoignent.Mon amour pour la cuisine vient depuis ma plus tendre enfance. J&rsquo;ai grandi dans une famille de fins gourmets o\u00f9 chaque [&hellip;]","og_url":"https:\/\/www.cocinadelamor.com\/index.php\/qui-suis-je\/","og_site_name":"Cocina del Amor","article_modified_time":"2025-12-23T14:30:53+00:00","og_image":[{"width":1080,"height":1350,"url":"https:\/\/www.cocinadelamor.com\/wp-content\/uploads\/2025\/12\/a13c6e63-973a-45ad-9200-b8170cf84bbb.jpg","type":"image\/jpeg"}],"twitter_card":"summary_large_image","twitter_misc":{"Dur\u00e9e de lecture estim\u00e9e":"1 minute"},"schema":{"@context":"https:\/\/schema.org","@graph":[{"@type":"WebPage","@id":"https:\/\/www.cocinadelamor.com\/index.php\/qui-suis-je\/","url":"https:\/\/www.cocinadelamor.com\/index.php\/qui-suis-je\/","name":"Qui suis-je - Cocina del Amor","isPartOf":{"@id":"https:\/\/www.cocinadelamor.com\/#website"},"primaryImageOfPage":{"@id":"https:\/\/www.cocinadelamor.com\/index.php\/qui-suis-je\/#primaryimage"},"image":{"@id":"https:\/\/www.cocinadelamor.com\/index.php\/qui-suis-je\/#primaryimage"},"thumbnailUrl":"http:\/\/www.cocinadelamor.com\/wp-content\/uploads\/2025\/12\/a13c6e63-973a-45ad-9200-b8170cf84bbb.jpg","datePublished":"2025-11-08T17:30:22+00:00","dateModified":"2025-12-23T14:30:53+00:00","breadcrumb":{"@id":"https:\/\/www.cocinadelamor.com\/index.php\/qui-suis-je\/#breadcrumb"},"inLanguage":"fr-FR","potentialAction":[{"@type":"ReadAction","target":["https:\/\/www.cocinadelamor.com\/index.php\/qui-suis-je\/"]}]},{"@type":"ImageObject","inLanguage":"fr-FR","@id":"https:\/\/www.cocinadelamor.com\/index.php\/qui-suis-je\/#primaryimage","url":"https:\/\/www.cocinadelamor.com\/wp-content\/uploads\/2025\/12\/a13c6e63-973a-45ad-9200-b8170cf84bbb.jpg","contentUrl":"https:\/\/www.cocinadelamor.com\/wp-content\/uploads\/2025\/12\/a13c6e63-973a-45ad-9200-b8170cf84bbb.jpg","width":1080,"height":1350,"caption":"chef domicile corse priv\u00e9 - aur\u00e9lie brun"},{"@type":"BreadcrumbList","@id":"https:\/\/www.cocinadelamor.com\/index.php\/qui-suis-je\/#breadcrumb","itemListElement":[{"@type":"ListItem","position":1,"name":"Accueil","item":"https:\/\/www.cocinadelamor.com\/"},{"@type":"ListItem","position":2,"name":"Qui suis-je"}]},{"@type":"WebSite","@id":"https:\/\/www.cocinadelamor.com\/#website","url":"https:\/\/www.cocinadelamor.com\/","name":"Cocina del Amor","description":"","publisher":{"@id":"https:\/\/www.cocinadelamor.com\/#organization"},"potentialAction":[{"@type":"SearchAction","target":{"@type":"EntryPoint","urlTemplate":"https:\/\/www.cocinadelamor.com\/?s={search_term_string}"},"query-input":{"@type":"PropertyValueSpecification","valueRequired":true,"valueName":"search_term_string"}}],"inLanguage":"fr-FR"},{"@type":"Organization","@id":"https:\/\/www.cocinadelamor.com\/#organization","name":"Cocina del Amor","url":"https:\/\/www.cocinadelamor.com\/","logo":{"@type":"ImageObject","inLanguage":"fr-FR","@id":"https:\/\/www.cocinadelamor.com\/#\/schema\/logo\/image\/","url":"https:\/\/www.cocinadelamor.com\/wp-content\/uploads\/2026\/01\/Logo-officiel.png","contentUrl":"https:\/\/www.cocinadelamor.com\/wp-content\/uploads\/2026\/01\/Logo-officiel.png","width":500,"height":500,"caption":"Cocina del Amor"},"image":{"@id":"https:\/\/www.cocinadelamor.com\/#\/schema\/logo\/image\/"}}]}},"_links":{"self":[{"href":"https:\/\/www.cocinadelamor.com\/index.php\/wp-json\/wp\/v2\/pages\/47","targetHints":{"allow":["GET"]}}],"collection":[{"href":"https:\/\/www.cocinadelamor.com\/index.php\/wp-json\/wp\/v2\/pages"}],"about":[{"href":"https:\/\/www.cocinadelamor.com\/index.php\/wp-json\/wp\/v2\/types\/page"}],"author":[{"embeddable":true,"href":"https:\/\/www.cocinadelamor.com\/index.php\/wp-json\/wp\/v2\/users\/1"}],"replies":[{"embeddable":true,"href":"https:\/\/www.cocinadelamor.com\/index.php\/wp-json\/wp\/v2\/comments?post=47"}],"version-history":[{"count":56,"href":"https:\/\/www.cocinadelamor.com\/index.php\/wp-json\/wp\/v2\/pages\/47\/revisions"}],"predecessor-version":[{"id":641,"href":"https:\/\/www.cocinadelamor.com\/index.php\/wp-json\/wp\/v2\/pages\/47\/revisions\/641"}],"wp:attachment":[{"href":"https:\/\/www.cocinadelamor.com\/index.php\/wp-json\/wp\/v2\/media?parent=47"}],"curies":[{"name":"wp","href":"https:\/\/api.w.org\/{rel}","templated":true}]}}